{"id":1238,"date":"2022-12-04T20:49:41","date_gmt":"2022-12-04T19:49:41","guid":{"rendered":"https:\/\/pierozak.com\/?page_id=1238"},"modified":"2025-12-13T10:54:37","modified_gmt":"2025-12-13T09:54:37","slug":"oferta-swiateczna","status":"publish","type":"page","link":"https:\/\/pierozak.com\/?page_id=1238","title":{"rendered":"Oferta \u015bwi\u0105teczna"},"content":{"rendered":"\t\t<div data-elementor-type=\"wp-page\" data-elementor-id=\"1238\" class=\"elementor elementor-1238\">\n\t\t\t\t\t\t<section class=\"elementor-section elementor-top-section elementor-element elementor-element-7be1af2 elementor-section-boxed elementor-section-height-default elementor-section-height-default\" data-id=\"7be1af2\" data-element_type=\"section\" data-e-type=\"section\">\n\t\t\t\t\t\t<div class=\"elementor-container elementor-column-gap-default\">\n\t\t\t\t\t<div class=\"elementor-column elementor-col-100 elementor-top-column elementor-element elementor-element-12cc478\" data-id=\"12cc478\" data-element_type=\"column\" data-e-type=\"column\">\n\t\t\t<div class=\"elementor-widget-wrap elementor-element-populated\">\n\t\t\t\t\t\t<div class=\"elementor-element elementor-element-af6b678 elementor-widget elementor-widget-image\" data-id=\"af6b678\" data-element_type=\"widget\" data-e-type=\"widget\" data-widget_type=\"image.default\">\n\t\t\t\t<div class=\"elementor-widget-container\">\n\t\t\t\t\t\t\t\t\t\t\t\t\t\t\t<img fetchpriority=\"high\" decoding=\"async\" width=\"768\" height=\"1089\" src=\"https:\/\/pierozak.com\/wp-content\/uploads\/2025\/12\/PdB5sUEz-768x1089.jpg\" class=\"attachment-medium_large size-medium_large wp-image-1568\" alt=\"\" srcset=\"https:\/\/pierozak.com\/wp-content\/uploads\/2025\/12\/PdB5sUEz-768x1089.jpg 768w, https:\/\/pierozak.com\/wp-content\/uploads\/2025\/12\/PdB5sUEz-212x300.jpg 212w, https:\/\/pierozak.com\/wp-content\/uploads\/2025\/12\/PdB5sUEz-722x1024.jpg 722w, https:\/\/pierozak.com\/wp-content\/uploads\/2025\/12\/PdB5sUEz-1083x1536.jpg 1083w, https:\/\/pierozak.com\/wp-content\/uploads\/2025\/12\/PdB5sUEz.jpg 1410w\" sizes=\"(max-width: 768px) 100vw, 768px\" \/>\t\t\t\t\t\t\t\t\t\t\t\t\t\t\t<\/div>\n\t\t\t\t<\/div>\n\t\t\t\t\t<\/div>\n\t\t<\/div>\n\t\t\t\t\t<\/div>\n\t\t<\/section>\n\t\t\t\t<\/div>\n\t\t","protected":false},"excerpt":{"rendered":"","protected":false},"author":2,"featured_media":0,"parent":0,"menu_order":0,"comment_status":"closed","ping_status":"closed","template":"","meta":{"footnotes":""},"class_list":["post-1238","page","type-page","status-publish","hentry","entry"],"yoast_head":"<!-- This site is optimized with the Yoast SEO plugin v26.9 - https:\/\/yoast.com\/product\/yoast-seo-wordpress\/ -->\n<title>Oferta \u015bwi\u0105teczna - Piero\u017cak<\/title>\n<meta name=\"robots\" content=\"index, follow, max-snippet:-1, max-image-preview:large, max-video-preview:-1\" \/>\n<link rel=\"canonical\" href=\"https:\/\/pierozak.com\/?page_id=1238\" \/>\n<meta property=\"og:locale\" content=\"pl_PL\" \/>\n<meta property=\"og:type\" content=\"article\" \/>\n<meta property=\"og:title\" content=\"Oferta \u015bwi\u0105teczna - Piero\u017cak\" \/>\n<meta property=\"og:url\" content=\"https:\/\/pierozak.com\/?page_id=1238\" \/>\n<meta property=\"og:site_name\" content=\"Piero\u017cak\" \/>\n<meta property=\"article:modified_time\" content=\"2025-12-13T09:54:37+00:00\" \/>\n<meta property=\"og:image\" content=\"https:\/\/pierozak.com\/wp-content\/uploads\/2025\/12\/PdB5sUEz-768x1089.jpg\" \/>\n<meta name=\"twitter:card\" content=\"summary_large_image\" \/>\n<meta name=\"twitter:label1\" content=\"Szacowany czas czytania\" \/>\n\t<meta name=\"twitter:data1\" content=\"1 minuta\" \/>\n<script type=\"application\/ld+json\" class=\"yoast-schema-graph\">{\"@context\":\"https:\/\/schema.org\",\"@graph\":[{\"@type\":\"WebPage\",\"@id\":\"https:\/\/pierozak.com\/?page_id=1238\",\"url\":\"https:\/\/pierozak.com\/?page_id=1238\",\"name\":\"Oferta \u015bwi\u0105teczna - Piero\u017cak\",\"isPartOf\":{\"@id\":\"https:\/\/pierozak.com\/#website\"},\"primaryImageOfPage\":{\"@id\":\"https:\/\/pierozak.com\/?page_id=1238#primaryimage\"},\"image\":{\"@id\":\"https:\/\/pierozak.com\/?page_id=1238#primaryimage\"},\"thumbnailUrl\":\"https:\/\/pierozak.com\/wp-content\/uploads\/2025\/12\/PdB5sUEz-768x1089.jpg\",\"datePublished\":\"2022-12-04T19:49:41+00:00\",\"dateModified\":\"2025-12-13T09:54:37+00:00\",\"breadcrumb\":{\"@id\":\"https:\/\/pierozak.com\/?page_id=1238#breadcrumb\"},\"inLanguage\":\"pl-PL\",\"potentialAction\":[{\"@type\":\"ReadAction\",\"target\":[\"https:\/\/pierozak.com\/?page_id=1238\"]}]},{\"@type\":\"ImageObject\",\"inLanguage\":\"pl-PL\",\"@id\":\"https:\/\/pierozak.com\/?page_id=1238#primaryimage\",\"url\":\"https:\/\/pierozak.com\/wp-content\/uploads\/2025\/12\/PdB5sUEz.jpg\",\"contentUrl\":\"https:\/\/pierozak.com\/wp-content\/uploads\/2025\/12\/PdB5sUEz.jpg\",\"width\":1410,\"height\":2000},{\"@type\":\"BreadcrumbList\",\"@id\":\"https:\/\/pierozak.com\/?page_id=1238#breadcrumb\",\"itemListElement\":[{\"@type\":\"ListItem\",\"position\":1,\"name\":\"Strona g\u0142\u00f3wna\",\"item\":\"https:\/\/pierozak.com\/\"},{\"@type\":\"ListItem\",\"position\":2,\"name\":\"Oferta \u015bwi\u0105teczna\"}]},{\"@type\":\"WebSite\",\"@id\":\"https:\/\/pierozak.com\/#website\",\"url\":\"https:\/\/pierozak.com\/\",\"name\":\"Piero\u017cak\",\"description\":\"Piero\u017cak - Najlepsza restauracja z pierogami w Poznaniu!\",\"publisher\":{\"@id\":\"https:\/\/pierozak.com\/#organization\"},\"potentialAction\":[{\"@type\":\"SearchAction\",\"target\":{\"@type\":\"EntryPoint\",\"urlTemplate\":\"https:\/\/pierozak.com\/?s={search_term_string}\"},\"query-input\":{\"@type\":\"PropertyValueSpecification\",\"valueRequired\":true,\"valueName\":\"search_term_string\"}}],\"inLanguage\":\"pl-PL\"},{\"@type\":\"Organization\",\"@id\":\"https:\/\/pierozak.com\/#organization\",\"name\":\"Piero\u017cak\",\"url\":\"https:\/\/pierozak.com\/\",\"logo\":{\"@type\":\"ImageObject\",\"inLanguage\":\"pl-PL\",\"@id\":\"https:\/\/pierozak.com\/#\/schema\/logo\/image\/\",\"url\":\"https:\/\/pierozak.com\/wp-content\/uploads\/2020\/11\/cropped-15390931_933176770118114_6739686029730315398_n-2.jpg\",\"contentUrl\":\"https:\/\/pierozak.com\/wp-content\/uploads\/2020\/11\/cropped-15390931_933176770118114_6739686029730315398_n-2.jpg\",\"width\":958,\"height\":261,\"caption\":\"Piero\u017cak\"},\"image\":{\"@id\":\"https:\/\/pierozak.com\/#\/schema\/logo\/image\/\"}}]}<\/script>\n<!-- \/ Yoast SEO plugin. -->","yoast_head_json":{"title":"Oferta \u015bwi\u0105teczna - Piero\u017cak","robots":{"index":"index","follow":"follow","max-snippet":"max-snippet:-1","max-image-preview":"max-image-preview:large","max-video-preview":"max-video-preview:-1"},"canonical":"https:\/\/pierozak.com\/?page_id=1238","og_locale":"pl_PL","og_type":"article","og_title":"Oferta \u015bwi\u0105teczna - Piero\u017cak","og_url":"https:\/\/pierozak.com\/?page_id=1238","og_site_name":"Piero\u017cak","article_modified_time":"2025-12-13T09:54:37+00:00","og_image":[{"url":"https:\/\/pierozak.com\/wp-content\/uploads\/2025\/12\/PdB5sUEz-768x1089.jpg","type":"","width":"","height":""}],"twitter_card":"summary_large_image","twitter_misc":{"Szacowany czas czytania":"1 minuta"},"schema":{"@context":"https:\/\/schema.org","@graph":[{"@type":"WebPage","@id":"https:\/\/pierozak.com\/?page_id=1238","url":"https:\/\/pierozak.com\/?page_id=1238","name":"Oferta \u015bwi\u0105teczna - Piero\u017cak","isPartOf":{"@id":"https:\/\/pierozak.com\/#website"},"primaryImageOfPage":{"@id":"https:\/\/pierozak.com\/?page_id=1238#primaryimage"},"image":{"@id":"https:\/\/pierozak.com\/?page_id=1238#primaryimage"},"thumbnailUrl":"https:\/\/pierozak.com\/wp-content\/uploads\/2025\/12\/PdB5sUEz-768x1089.jpg","datePublished":"2022-12-04T19:49:41+00:00","dateModified":"2025-12-13T09:54:37+00:00","breadcrumb":{"@id":"https:\/\/pierozak.com\/?page_id=1238#breadcrumb"},"inLanguage":"pl-PL","potentialAction":[{"@type":"ReadAction","target":["https:\/\/pierozak.com\/?page_id=1238"]}]},{"@type":"ImageObject","inLanguage":"pl-PL","@id":"https:\/\/pierozak.com\/?page_id=1238#primaryimage","url":"https:\/\/pierozak.com\/wp-content\/uploads\/2025\/12\/PdB5sUEz.jpg","contentUrl":"https:\/\/pierozak.com\/wp-content\/uploads\/2025\/12\/PdB5sUEz.jpg","width":1410,"height":2000},{"@type":"BreadcrumbList","@id":"https:\/\/pierozak.com\/?page_id=1238#breadcrumb","itemListElement":[{"@type":"ListItem","position":1,"name":"Strona g\u0142\u00f3wna","item":"https:\/\/pierozak.com\/"},{"@type":"ListItem","position":2,"name":"Oferta \u015bwi\u0105teczna"}]},{"@type":"WebSite","@id":"https:\/\/pierozak.com\/#website","url":"https:\/\/pierozak.com\/","name":"Piero\u017cak","description":"Piero\u017cak - Najlepsza restauracja z pierogami w Poznaniu!","publisher":{"@id":"https:\/\/pierozak.com\/#organization"},"potentialAction":[{"@type":"SearchAction","target":{"@type":"EntryPoint","urlTemplate":"https:\/\/pierozak.com\/?s={search_term_string}"},"query-input":{"@type":"PropertyValueSpecification","valueRequired":true,"valueName":"search_term_string"}}],"inLanguage":"pl-PL"},{"@type":"Organization","@id":"https:\/\/pierozak.com\/#organization","name":"Piero\u017cak","url":"https:\/\/pierozak.com\/","logo":{"@type":"ImageObject","inLanguage":"pl-PL","@id":"https:\/\/pierozak.com\/#\/schema\/logo\/image\/","url":"https:\/\/pierozak.com\/wp-content\/uploads\/2020\/11\/cropped-15390931_933176770118114_6739686029730315398_n-2.jpg","contentUrl":"https:\/\/pierozak.com\/wp-content\/uploads\/2020\/11\/cropped-15390931_933176770118114_6739686029730315398_n-2.jpg","width":958,"height":261,"caption":"Piero\u017cak"},"image":{"@id":"https:\/\/pierozak.com\/#\/schema\/logo\/image\/"}}]}},"_links":{"self":[{"href":"https:\/\/pierozak.com\/index.php?rest_route=\/wp\/v2\/pages\/1238","targetHints":{"allow":["GET"]}}],"collection":[{"href":"https:\/\/pierozak.com\/index.php?rest_route=\/wp\/v2\/pages"}],"about":[{"href":"https:\/\/pierozak.com\/index.php?rest_route=\/wp\/v2\/types\/page"}],"author":[{"embeddable":true,"href":"https:\/\/pierozak.com\/index.php?rest_route=\/wp\/v2\/users\/2"}],"replies":[{"embeddable":true,"href":"https:\/\/pierozak.com\/index.php?rest_route=%2Fwp%2Fv2%2Fcomments&post=1238"}],"version-history":[{"count":20,"href":"https:\/\/pierozak.com\/index.php?rest_route=\/wp\/v2\/pages\/1238\/revisions"}],"predecessor-version":[{"id":1571,"href":"https:\/\/pierozak.com\/index.php?rest_route=\/wp\/v2\/pages\/1238\/revisions\/1571"}],"wp:attachment":[{"href":"https:\/\/pierozak.com\/index.php?rest_route=%2Fwp%2Fv2%2Fmedia&parent=1238"}],"curies":[{"name":"wp","href":"https:\/\/api.w.org\/{rel}","templated":true}]}}